{"id":3640,"date":"2025-10-22T06:36:34","date_gmt":"2025-10-22T06:36:34","guid":{"rendered":"http:\/\/optichain.se\/contact\/"},"modified":"2026-01-06T06:55:21","modified_gmt":"2026-01-06T06:55:21","slug":"kontakt","status":"publish","type":"page","link":"https:\/\/optichain.se\/en\/kontakt\/","title":{"rendered":"Kontakt"},"content":{"rendered":"\t\t<div data-elementor-type=\"wp-page\" data-elementor-id=\"3640\" class=\"elementor elementor-3640\">\n\t\t\t\t<div class=\"elementor-element elementor-element-c2c4444 e-flex e-con-boxed e-con e-parent\" data-id=\"c2c4444\" data-element_type=\"container\" data-e-type=\"container\" data-settings=\"{&quot;background_background&quot;:&quot;classic&quot;}\">\n\t\t\t\t\t<div class=\"e-con-inner\">\n\t\t<div class=\"elementor-element elementor-element-f04c410 e-con-full e-flex e-con e-child\" data-id=\"f04c410\" data-element_type=\"container\" data-e-type=\"container\">\n\t\t\t\t<div class=\"elementor-element elementor-element-ada4c93 elementor-widget elementor-widget-heading\" data-id=\"ada4c93\" data-element_type=\"widget\" data-e-type=\"widget\" data-widget_type=\"heading.default\">\n\t\t\t\t<div class=\"elementor-widget-container\">\n\t\t\t\t\t<h1 class=\"elementor-heading-title elementor-size-default\">Kontakt<\/h1>\t\t\t\t<\/div>\n\t\t\t\t<\/div>\n\t\t\t\t<div class=\"elementor-element elementor-element-14a5c49 elementor-widget-divider--view-line elementor-widget elementor-widget-divider\" data-id=\"14a5c49\" data-element_type=\"widget\" data-e-type=\"widget\" data-widget_type=\"divider.default\">\n\t\t\t\t<div class=\"elementor-widget-container\">\n\t\t\t\t\t\t\t<div class=\"elementor-divider\">\n\t\t\t<span class=\"elementor-divider-separator\">\n\t\t\t\t\t\t<\/span>\n\t\t<\/div>\n\t\t\t\t\t\t<\/div>\n\t\t\t\t<\/div>\n\t\t\t\t<\/div>\n\t\t\t\t<div class=\"elementor-element elementor-element-d229042 elementor-widget elementor-widget-text-editor\" data-id=\"d229042\" data-element_type=\"widget\" data-e-type=\"widget\" data-widget_type=\"text-editor.default\">\n\t\t\t\t<div class=\"elementor-widget-container\">\n\t\t\t\t\t\t\t\t\t<p>Oavsett om ni st\u00e5r inf\u00f6r en konkret utmaning, ett p\u00e5g\u00e5ende f\u00f6r\u00e4ndringsarbete eller vill diskutera m\u00f6jliga framtida behov, \u00e4r ni v\u00e4lkomna att ta kontakt med oss!\u00a0<\/p><p>Ett f\u00f6rsta samtal \u00e4r alltid f\u00f6ruts\u00e4ttningsl\u00f6st och fokuserar p\u00e5 att f\u00f6rst\u00e5 Er situation, era m\u00e5l och hur vi eventuellt kan bidra.<\/p>\t\t\t\t\t\t\t\t<\/div>\n\t\t\t\t<\/div>\n\t\t\t\t\t<\/div>\n\t\t\t\t<\/div>\n\t\t<div class=\"elementor-element elementor-element-03b85e9 e-flex e-con-boxed e-con e-parent\" data-id=\"03b85e9\" data-element_type=\"container\" data-e-type=\"container\" data-settings=\"{&quot;background_background&quot;:&quot;classic&quot;}\">\n\t\t\t\t\t<div class=\"e-con-inner\">\n\t\t<div class=\"elementor-element elementor-element-79ce80d e-con-full e-flex e-con e-child\" data-id=\"79ce80d\" data-element_type=\"container\" data-e-type=\"container\">\n\t\t<div class=\"elementor-element elementor-element-24f5fcb e-flex e-con-boxed e-con e-child\" data-id=\"24f5fcb\" data-element_type=\"container\" data-e-type=\"container\">\n\t\t\t\t\t<div class=\"e-con-inner\">\n\t\t<div class=\"elementor-element elementor-element-e59c7f7 e-con-full e-flex e-con e-child\" data-id=\"e59c7f7\" data-element_type=\"container\" data-e-type=\"container\" data-settings=\"{&quot;background_background&quot;:&quot;classic&quot;}\">\n\t\t\t\t<div class=\"elementor-element elementor-element-80bb0e8 elementor-view-default elementor-position-block-start elementor-mobile-position-block-start elementor-widget elementor-widget-icon-box\" data-id=\"80bb0e8\" data-element_type=\"widget\" data-e-type=\"widget\" data-widget_type=\"icon-box.default\">\n\t\t\t\t<div class=\"elementor-widget-container\">\n\t\t\t\t\t\t\t<div class=\"elementor-icon-box-wrapper\">\n\n\t\t\t\t\t\t<div class=\"elementor-icon-box-icon\">\n\t\t\t\t<span  class=\"elementor-icon\">\n\t\t\t\t<i aria-hidden=\"true\" class=\"fas fa-mobile-alt\"><\/i>\t\t\t\t<\/span>\n\t\t\t<\/div>\n\t\t\t\n\t\t\t\t\t\t<div class=\"elementor-icon-box-content\">\n\n\t\t\t\t\t\t\t\t\t<h3 class=\"elementor-icon-box-title\">\n\t\t\t\t\t\t<span  >\n\t\t\t\t\t\t\t+46 730 69 28 30\t\t\t\t\t\t<\/span>\n\t\t\t\t\t<\/h3>\n\t\t\t\t\n\t\t\t\t\t\t\t\t\t<p class=\"elementor-icon-box-description\">\n\t\t\t\t\t\tM\u00e5ndag - Fredag  8 - 17\t\t\t\t\t<\/p>\n\t\t\t\t\n\t\t\t<\/div>\n\t\t\t\n\t\t<\/div>\n\t\t\t\t\t\t<\/div>\n\t\t\t\t<\/div>\n\t\t\t\t<\/div>\n\t\t<div class=\"elementor-element elementor-element-83a0604 e-con-full e-flex e-con e-child\" data-id=\"83a0604\" data-element_type=\"container\" data-e-type=\"container\" data-settings=\"{&quot;background_background&quot;:&quot;classic&quot;}\">\n\t\t\t\t<div class=\"elementor-element elementor-element-ef02a49 elementor-view-default elementor-position-block-start elementor-mobile-position-block-start elementor-widget elementor-widget-icon-box\" data-id=\"ef02a49\" data-element_type=\"widget\" data-e-type=\"widget\" data-widget_type=\"icon-box.default\">\n\t\t\t\t<div class=\"elementor-widget-container\">\n\t\t\t\t\t\t\t<div class=\"elementor-icon-box-wrapper\">\n\n\t\t\t\t\t\t<div class=\"elementor-icon-box-icon\">\n\t\t\t\t<span  class=\"elementor-icon\">\n\t\t\t\t<i aria-hidden=\"true\" class=\"fab fa-houzz\"><\/i>\t\t\t\t<\/span>\n\t\t\t<\/div>\n\t\t\t\n\t\t\t\t\t\t<div class=\"elementor-icon-box-content\">\n\n\t\t\t\t\t\t\t\t\t<h3 class=\"elementor-icon-box-title\">\n\t\t\t\t\t\t<span  >\n\t\t\t\t\t\t\tVi arbetar d\u00e4r ni \u00e4r\t\t\t\t\t\t<\/span>\n\t\t\t\t\t<\/h3>\n\t\t\t\t\n\t\t\t\t\t\t\t\t\t<p class=\"elementor-icon-box-description\">\n\t\t\t\t\t\tNationellt &amp; Internationellt st\u00f6d,  <br> p\u00e5 plats eller digitalt - allt enligt Era behov.\t\t\t\t\t<\/p>\n\t\t\t\t\n\t\t\t<\/div>\n\t\t\t\n\t\t<\/div>\n\t\t\t\t\t\t<\/div>\n\t\t\t\t<\/div>\n\t\t\t\t<\/div>\n\t\t<div class=\"elementor-element elementor-element-3c69019 e-con-full e-flex e-con e-child\" data-id=\"3c69019\" data-element_type=\"container\" data-e-type=\"container\" data-settings=\"{&quot;background_background&quot;:&quot;classic&quot;}\">\n\t\t\t\t<div class=\"elementor-element elementor-element-236e5c0 elementor-view-default elementor-position-block-start elementor-mobile-position-block-start elementor-widget elementor-widget-icon-box\" data-id=\"236e5c0\" data-element_type=\"widget\" data-e-type=\"widget\" data-widget_type=\"icon-box.default\">\n\t\t\t\t<div class=\"elementor-widget-container\">\n\t\t\t\t\t\t\t<div class=\"elementor-icon-box-wrapper\">\n\n\t\t\t\t\t\t<div class=\"elementor-icon-box-icon\">\n\t\t\t\t<span  class=\"elementor-icon\">\n\t\t\t\t<i aria-hidden=\"true\" class=\"fas fa-inbox\"><\/i>\t\t\t\t<\/span>\n\t\t\t<\/div>\n\t\t\t\n\t\t\t\t\t\t<div class=\"elementor-icon-box-content\">\n\n\t\t\t\t\t\t\t\t\t<h3 class=\"elementor-icon-box-title\">\n\t\t\t\t\t\t<span  >\n\t\t\t\t\t\t\tkontakt@optichain.se\t\t\t\t\t\t<\/span>\n\t\t\t\t\t<\/h3>\n\t\t\t\t\n\t\t\t\t\t\t\t\t\t<p class=\"elementor-icon-box-description\">\n\t\t\t\t\t\tVi finns h\u00e4r f\u00f6r Er!\t\t\t\t\t<\/p>\n\t\t\t\t\n\t\t\t<\/div>\n\t\t\t\n\t\t<\/div>\n\t\t\t\t\t\t<\/div>\n\t\t\t\t<\/div>\n\t\t\t\t<\/div>\n\t\t\t\t\t<\/div>\n\t\t\t\t<\/div>\n\t\t<div class=\"elementor-element elementor-element-9099b30 e-flex e-con-boxed e-con e-child\" data-id=\"9099b30\" data-element_type=\"container\" data-e-type=\"container\">\n\t\t\t\t\t<div class=\"e-con-inner\">\n\t\t<div class=\"elementor-element elementor-element-1373196 e-con-full e-flex e-con e-child\" data-id=\"1373196\" data-element_type=\"container\" data-e-type=\"container\" data-settings=\"{&quot;background_background&quot;:&quot;classic&quot;}\">\n\t\t\t\t<div class=\"elementor-element elementor-element-b47f306 elementor-widget elementor-widget-heading\" data-id=\"b47f306\" data-element_type=\"widget\" data-e-type=\"widget\" data-widget_type=\"heading.default\">\n\t\t\t\t<div class=\"elementor-widget-container\">\n\t\t\t\t\t<h5 class=\"elementor-heading-title elementor-size-default\">Kontakta oss<\/h5>\t\t\t\t<\/div>\n\t\t\t\t<\/div>\n\t\t\t\t<div class=\"elementor-element elementor-element-5fa659f elementor-widget-divider--view-line elementor-widget elementor-widget-divider\" data-id=\"5fa659f\" data-element_type=\"widget\" data-e-type=\"widget\" data-widget_type=\"divider.default\">\n\t\t\t\t<div class=\"elementor-widget-container\">\n\t\t\t\t\t\t\t<div class=\"elementor-divider\">\n\t\t\t<span class=\"elementor-divider-separator\">\n\t\t\t\t\t\t<\/span>\n\t\t<\/div>\n\t\t\t\t\t\t<\/div>\n\t\t\t\t<\/div>\n\t\t\t\t<div class=\"elementor-element elementor-element-350e6ff elementor-widget elementor-widget-wpforms\" data-id=\"350e6ff\" data-element_type=\"widget\" data-e-type=\"widget\" data-widget_type=\"wpforms.default\">\n\t\t\t\t<div class=\"elementor-widget-container\">\n\t\t\t\t\t<div class=\"wpforms-container \" id=\"wpforms-10\"><form id=\"wpforms-form-10\" class=\"wpforms-validate wpforms-form\" data-formid=\"10\" method=\"post\" enctype=\"multipart\/form-data\" action=\"\/en\/wp-json\/wp\/v2\/pages\/3640\" data-token=\"0698fc2229b6a39b21ad65f35b3337ea\" data-token-time=\"1777752038\"><noscript class=\"wpforms-error-noscript\">Please enable JavaScript in your browser to complete this form.<\/noscript><div class=\"wpforms-field-container\"><div id=\"wpforms-10-field_0-container\" class=\"wpforms-field wpforms-field-name\" data-field-id=\"0\"><label class=\"wpforms-field-label wpforms-label-hide\" for=\"wpforms-10-field_0\">Name <span class=\"wpforms-required-label\">*<\/span><\/label><input type=\"text\" id=\"wpforms-10-field_0\" class=\"wpforms-field-large wpforms-field-required\" name=\"wpforms[fields][0]\" placeholder=\"F\u00f6r- och efteramn\" required><\/div><div id=\"wpforms-10-field_3-container\" class=\"wpforms-field wpforms-field-text\" data-field-id=\"3\"><label class=\"wpforms-field-label wpforms-label-hide\" for=\"wpforms-10-field_3\">F\u00f6retagsnamn <span class=\"wpforms-required-label\">*<\/span><\/label><input type=\"text\" id=\"wpforms-10-field_3\" class=\"wpforms-field-large wpforms-field-required\" name=\"wpforms[fields][3]\" placeholder=\"F\u00f6retagsnamn\" required><\/div><div id=\"wpforms-10-field_1-container\" class=\"wpforms-field wpforms-field-email\" data-field-id=\"1\"><label class=\"wpforms-field-label wpforms-label-hide\" for=\"wpforms-10-field_1\">Email <span class=\"wpforms-required-label\">*<\/span><\/label><input type=\"email\" id=\"wpforms-10-field_1\" class=\"wpforms-field-large wpforms-field-required\" name=\"wpforms[fields][1]\" placeholder=\"Epost\" spellcheck=\"false\" required><\/div><div id=\"wpforms-10-field_7-container\" class=\"wpforms-field wpforms-field-number\" data-field-id=\"7\"><label class=\"wpforms-field-label wpforms-label-hide\" for=\"wpforms-10-field_7\">telefon <span class=\"wpforms-required-label\">*<\/span><\/label><input type=\"number\" id=\"wpforms-10-field_7\" class=\"wpforms-field-large wpforms-field-required\" name=\"wpforms[fields][7]\" placeholder=\"Telefonnummer\" step=\"any\" required><\/div><div id=\"wpforms-10-field_5-container\" class=\"wpforms-field wpforms-field-text\" data-field-id=\"5\"><label class=\"wpforms-field-label wpforms-label-hide\" for=\"wpforms-10-field_5\">\u00c4mne <span class=\"wpforms-required-label\">*<\/span><\/label><input type=\"text\" id=\"wpforms-10-field_5\" class=\"wpforms-field-large wpforms-field-required\" name=\"wpforms[fields][5]\" placeholder=\"\u00c4mne\" required><\/div><div id=\"wpforms-10-field_2-container\" class=\"wpforms-field wpforms-field-textarea\" data-field-id=\"2\"><label class=\"wpforms-field-label wpforms-label-hide\" for=\"wpforms-10-field_2\">Comment or Message <span class=\"wpforms-required-label\">*<\/span><\/label><textarea id=\"wpforms-10-field_2\" class=\"wpforms-field-medium wpforms-field-required wpforms-limit-characters-enabled\" data-form-id=\"10\" data-field-id=\"2\" data-text-limit=\"500\" name=\"wpforms[fields][2]\" placeholder=\"Skriv ditt meddelande\" maxlength=\"500\" required><\/textarea><div class=\"wpforms-field-description\">Genom att skicka formul\u00e4ret godk\u00e4nner jag att OptiChain behandlar mina uppgifter enligt f\u00f6retagets integritetspolicy (l\u00e4nk i sidfoten).\n<\/div><\/div><\/div><!-- .wpforms-field-container --><div class=\"wpforms-recaptcha-container wpforms-is-recaptcha wpforms-is-recaptcha-type-v3\" ><input type=\"hidden\" name=\"wpforms[recaptcha]\" value=\"\"><\/div><div class=\"wpforms-submit-container\" ><input type=\"hidden\" name=\"wpforms[id]\" value=\"10\"><input type=\"hidden\" name=\"page_title\" value=\"\"><input type=\"hidden\" name=\"page_url\" value=\"https:\/\/optichain.se\/en\/wp-json\/wp\/v2\/pages\/3640\"><input type=\"hidden\" name=\"url_referer\" value=\"\"><button type=\"submit\" name=\"wpforms[submit]\" id=\"wpforms-submit-10\" class=\"wpforms-submit send-button\" data-alt-text=\"Skickar...\" data-submit-text=\"Skicka\" aria-live=\"assertive\" value=\"wpforms-submit\">Skicka<\/button><\/div><\/form><\/div>  <!-- .wpforms-container -->\t\t\t\t<\/div>\n\t\t\t\t<\/div>\n\t\t\t\t<\/div>\n\t\t\t\t\t<\/div>\n\t\t\t\t<\/div>\n\t\t\t\t<\/div>\n\t\t\t\t\t<\/div>\n\t\t\t\t<\/div>\n\t\t\t\t<\/div>\n\t\t","protected":false},"excerpt":{"rendered":"<p>Kontakt Oavsett om ni st\u00e5r inf\u00f6r en konkret utmaning, ett p\u00e5g\u00e5ende f\u00f6r\u00e4ndringsarbete eller vill diskutera m\u00f6jliga framtida behov, \u00e4r ni v\u00e4lkomna att ta kontakt med oss!\u00a0 Ett f\u00f6rsta samtal \u00e4r alltid f\u00f6ruts\u00e4ttningsl\u00f6st och fokuserar p\u00e5 att f\u00f6rst\u00e5 Er situation, era m\u00e5l och hur vi eventuellt kan bidra. +46 730 69 28 30 M\u00e5ndag &#8211; Fredag [&hellip;]<\/p>\n","protected":false},"author":1,"featured_media":0,"parent":0,"menu_order":0,"comment_status":"closed","ping_status":"closed","template":"elementor_header_footer","meta":{"site-sidebar-layout":"no-sidebar","site-content-layout":"page-builder","ast-site-content-layout":"full-width-container","site-content-style":"unboxed","site-sidebar-style":"unboxed","ast-global-header-display":"","ast-banner-title-visibility":"","ast-main-header-display":"","ast-hfb-above-header-display":"","ast-hfb-below-header-display":"","ast-hfb-mobile-header-display":"","site-post-title":"","ast-breadcrumbs-content":"disabled","ast-featured-img":"disabled","footer-sml-layout":"","ast-disable-related-posts":"","theme-transparent-header-meta":"enabled","adv-header-id-meta":"","stick-header-meta":"","header-above-stick-meta":"","header-main-stick-meta":"","header-below-stick-meta":"","astra-migrate-meta-layouts":"set","ast-page-background-enabled":"default","ast-page-background-meta":{"desktop":{"background-color":"","background-image":"","background-repeat":"repeat","background-position":"center center","background-size":"auto","background-attachment":"scroll","background-type":"","background-media":"","overlay-type":"","overlay-color":"","overlay-opacity":"","overlay-gradient":""},"tablet":{"background-color":"","background-image":"","background-repeat":"repeat","background-position":"center center","background-size":"auto","background-attachment":"scroll","background-type":"","background-media":"","overlay-type":"","overlay-color":"","overlay-opacity":"","overlay-gradient":""},"mobile":{"background-color":"","background-image":"","background-repeat":"repeat","background-position":"center center","background-size":"auto","background-attachment":"scroll","background-type":"","background-media":"","overlay-type":"","overlay-color":"","overlay-opacity":"","overlay-gradient":""}},"ast-content-background-meta":{"desktop":{"background-color":"var(--ast-global-color-5)","background-image":"","background-repeat":"repeat","background-position":"center center","background-size":"auto","background-attachment":"scroll","background-type":"","background-media":"","overlay-type":"","overlay-color":"","overlay-opacity":"","overlay-gradient":""},"tablet":{"background-color":"var(--ast-global-color-5)","background-image":"","background-repeat":"repeat","background-position":"center center","background-size":"auto","background-attachment":"scroll","background-type":"","background-media":"","overlay-type":"","overlay-color":"","overlay-opacity":"","overlay-gradient":""},"mobile":{"background-color":"var(--ast-global-color-5)","background-image":"","background-repeat":"repeat","background-position":"center center","background-size":"auto","background-attachment":"scroll","background-type":"","background-media":"","overlay-type":"","overlay-color":"","overlay-opacity":"","overlay-gradient":""}},"footnotes":""},"class_list":["post-3640","page","type-page","status-publish","hentry"],"yoast_head":"<!-- This site is optimized with the Yoast SEO plugin v27.5 - https:\/\/yoast.com\/product\/yoast-seo-wordpress\/ -->\n<title>Kontakta OptiChain \u2013 Supply Chain Partner<\/title>\n<meta name=\"description\" content=\"Beh\u00f6ver du hj\u00e4lp med supply chain-strategi eller optimering? Kontakta oss f\u00f6r r\u00e5dgivning, samarbete eller fr\u00e5gor om v\u00e5ra tj\u00e4nster.\" \/>\n<meta name=\"robots\" content=\"index, follow, max-snippet:-1, max-image-preview:large, max-video-preview:-1\" \/>\n<link rel=\"canonical\" href=\"https:\/\/optichain.se\/en\/kontakt\/\" \/>\n<meta property=\"og:locale\" content=\"en_US\" \/>\n<meta property=\"og:type\" content=\"article\" \/>\n<meta property=\"og:title\" content=\"Kontakta OptiChain \u2013 Supply Chain Partner\" \/>\n<meta property=\"og:description\" content=\"Beh\u00f6ver du hj\u00e4lp med supply chain-strategi eller optimering? Kontakta oss f\u00f6r r\u00e5dgivning, samarbete eller fr\u00e5gor om v\u00e5ra tj\u00e4nster.\" \/>\n<meta property=\"og:url\" content=\"https:\/\/optichain.se\/en\/kontakt\/\" \/>\n<meta property=\"og:site_name\" content=\"optichain\" \/>\n<meta property=\"article:modified_time\" content=\"2026-01-06T06:55:21+00:00\" \/>\n<meta property=\"og:image\" content=\"https:\/\/optichain.se\/wp-content\/uploads\/2025\/11\/cropped-ChatGPT-Image-10-nov.-2025-14_09_28.png\" \/>\n\t<meta property=\"og:image:width\" content=\"1024\" \/>\n\t<meta property=\"og:image:height\" content=\"341\" \/>\n\t<meta property=\"og:image:type\" content=\"image\/png\" \/>\n<meta name=\"twitter:card\" content=\"summary_large_image\" \/>\n<meta name=\"twitter:label1\" content=\"Est. reading time\" \/>\n\t<meta name=\"twitter:data1\" content=\"1 minute\" \/>\n<script type=\"application\/ld+json\" class=\"yoast-schema-graph\">{\"@context\":\"https:\\\/\\\/schema.org\",\"@graph\":[{\"@type\":\"WebPage\",\"@id\":\"https:\\\/\\\/optichain.se\\\/kontakt\\\/\",\"url\":\"https:\\\/\\\/optichain.se\\\/kontakt\\\/\",\"name\":\"Kontakta OptiChain \u2013 Supply Chain Partner\",\"isPartOf\":{\"@id\":\"https:\\\/\\\/optichain.se\\\/#website\"},\"datePublished\":\"2025-10-22T06:36:34+00:00\",\"dateModified\":\"2026-01-06T06:55:21+00:00\",\"description\":\"Beh\u00f6ver du hj\u00e4lp med supply chain-strategi eller optimering? Kontakta oss f\u00f6r r\u00e5dgivning, samarbete eller fr\u00e5gor om v\u00e5ra tj\u00e4nster.\",\"breadcrumb\":{\"@id\":\"https:\\\/\\\/optichain.se\\\/kontakt\\\/#breadcrumb\"},\"inLanguage\":\"en-US\",\"potentialAction\":[{\"@type\":\"ReadAction\",\"target\":[\"https:\\\/\\\/optichain.se\\\/kontakt\\\/\"]}]},{\"@type\":\"BreadcrumbList\",\"@id\":\"https:\\\/\\\/optichain.se\\\/kontakt\\\/#breadcrumb\",\"itemListElement\":[{\"@type\":\"ListItem\",\"position\":1,\"name\":\"Hem\",\"item\":\"https:\\\/\\\/optichain.se\\\/\"},{\"@type\":\"ListItem\",\"position\":2,\"name\":\"Kontakt\"}]},{\"@type\":\"WebSite\",\"@id\":\"https:\\\/\\\/optichain.se\\\/#website\",\"url\":\"https:\\\/\\\/optichain.se\\\/\",\"name\":\"Optichain\",\"description\":\"Strategi och optimering f\u00f6r effektiva v\u00e4rdekedjor\",\"publisher\":{\"@id\":\"https:\\\/\\\/optichain.se\\\/#organization\"},\"potentialAction\":[{\"@type\":\"SearchAction\",\"target\":{\"@type\":\"EntryPoint\",\"urlTemplate\":\"https:\\\/\\\/optichain.se\\\/?s={search_term_string}\"},\"query-input\":{\"@type\":\"PropertyValueSpecification\",\"valueRequired\":true,\"valueName\":\"search_term_string\"}}],\"inLanguage\":\"en-US\"},{\"@type\":\"Organization\",\"@id\":\"https:\\\/\\\/optichain.se\\\/#organization\",\"name\":\"Optichain\",\"alternateName\":\"OptiChain Consulting\",\"url\":\"https:\\\/\\\/optichain.se\\\/\",\"logo\":{\"@type\":\"ImageObject\",\"inLanguage\":\"en-US\",\"@id\":\"https:\\\/\\\/optichain.se\\\/#\\\/schema\\\/logo\\\/image\\\/\",\"url\":\"https:\\\/\\\/optichain.se\\\/wp-content\\\/uploads\\\/2025\\\/11\\\/cropped-ChatGPT-Image-10-nov.-2025-14_09_28.png\",\"contentUrl\":\"https:\\\/\\\/optichain.se\\\/wp-content\\\/uploads\\\/2025\\\/11\\\/cropped-ChatGPT-Image-10-nov.-2025-14_09_28.png\",\"width\":1024,\"height\":341,\"caption\":\"Optichain\"},\"image\":{\"@id\":\"https:\\\/\\\/optichain.se\\\/#\\\/schema\\\/logo\\\/image\\\/\"}}]}<\/script>\n<!-- \/ Yoast SEO plugin. -->","yoast_head_json":{"title":"Kontakta OptiChain \u2013 Supply Chain Partner","description":"Beh\u00f6ver du hj\u00e4lp med supply chain-strategi eller optimering? Kontakta oss f\u00f6r r\u00e5dgivning, samarbete eller fr\u00e5gor om v\u00e5ra tj\u00e4nster.","robots":{"index":"index","follow":"follow","max-snippet":"max-snippet:-1","max-image-preview":"max-image-preview:large","max-video-preview":"max-video-preview:-1"},"canonical":"https:\/\/optichain.se\/en\/kontakt\/","og_locale":"en_US","og_type":"article","og_title":"Kontakta OptiChain \u2013 Supply Chain Partner","og_description":"Beh\u00f6ver du hj\u00e4lp med supply chain-strategi eller optimering? Kontakta oss f\u00f6r r\u00e5dgivning, samarbete eller fr\u00e5gor om v\u00e5ra tj\u00e4nster.","og_url":"https:\/\/optichain.se\/en\/kontakt\/","og_site_name":"optichain","article_modified_time":"2026-01-06T06:55:21+00:00","og_image":[{"width":1024,"height":341,"url":"https:\/\/optichain.se\/wp-content\/uploads\/2025\/11\/cropped-ChatGPT-Image-10-nov.-2025-14_09_28.png","type":"image\/png"}],"twitter_card":"summary_large_image","twitter_misc":{"Est. reading time":"1 minute"},"schema":{"@context":"https:\/\/schema.org","@graph":[{"@type":"WebPage","@id":"https:\/\/optichain.se\/kontakt\/","url":"https:\/\/optichain.se\/kontakt\/","name":"Kontakta OptiChain \u2013 Supply Chain Partner","isPartOf":{"@id":"https:\/\/optichain.se\/#website"},"datePublished":"2025-10-22T06:36:34+00:00","dateModified":"2026-01-06T06:55:21+00:00","description":"Beh\u00f6ver du hj\u00e4lp med supply chain-strategi eller optimering? Kontakta oss f\u00f6r r\u00e5dgivning, samarbete eller fr\u00e5gor om v\u00e5ra tj\u00e4nster.","breadcrumb":{"@id":"https:\/\/optichain.se\/kontakt\/#breadcrumb"},"inLanguage":"en-US","potentialAction":[{"@type":"ReadAction","target":["https:\/\/optichain.se\/kontakt\/"]}]},{"@type":"BreadcrumbList","@id":"https:\/\/optichain.se\/kontakt\/#breadcrumb","itemListElement":[{"@type":"ListItem","position":1,"name":"Hem","item":"https:\/\/optichain.se\/"},{"@type":"ListItem","position":2,"name":"Kontakt"}]},{"@type":"WebSite","@id":"https:\/\/optichain.se\/#website","url":"https:\/\/optichain.se\/","name":"Optichain","description":"Strategi och optimering f\u00f6r effektiva v\u00e4rdekedjor","publisher":{"@id":"https:\/\/optichain.se\/#organization"},"potentialAction":[{"@type":"SearchAction","target":{"@type":"EntryPoint","urlTemplate":"https:\/\/optichain.se\/?s={search_term_string}"},"query-input":{"@type":"PropertyValueSpecification","valueRequired":true,"valueName":"search_term_string"}}],"inLanguage":"en-US"},{"@type":"Organization","@id":"https:\/\/optichain.se\/#organization","name":"Optichain","alternateName":"OptiChain Consulting","url":"https:\/\/optichain.se\/","logo":{"@type":"ImageObject","inLanguage":"en-US","@id":"https:\/\/optichain.se\/#\/schema\/logo\/image\/","url":"https:\/\/optichain.se\/wp-content\/uploads\/2025\/11\/cropped-ChatGPT-Image-10-nov.-2025-14_09_28.png","contentUrl":"https:\/\/optichain.se\/wp-content\/uploads\/2025\/11\/cropped-ChatGPT-Image-10-nov.-2025-14_09_28.png","width":1024,"height":341,"caption":"Optichain"},"image":{"@id":"https:\/\/optichain.se\/#\/schema\/logo\/image\/"}}]}},"_links":{"self":[{"href":"https:\/\/optichain.se\/en\/wp-json\/wp\/v2\/pages\/3640","targetHints":{"allow":["GET"]}}],"collection":[{"href":"https:\/\/optichain.se\/en\/wp-json\/wp\/v2\/pages"}],"about":[{"href":"https:\/\/optichain.se\/en\/wp-json\/wp\/v2\/types\/page"}],"author":[{"embeddable":true,"href":"https:\/\/optichain.se\/en\/wp-json\/wp\/v2\/users\/1"}],"replies":[{"embeddable":true,"href":"https:\/\/optichain.se\/en\/wp-json\/wp\/v2\/comments?post=3640"}],"version-history":[{"count":37,"href":"https:\/\/optichain.se\/en\/wp-json\/wp\/v2\/pages\/3640\/revisions"}],"predecessor-version":[{"id":4971,"href":"https:\/\/optichain.se\/en\/wp-json\/wp\/v2\/pages\/3640\/revisions\/4971"}],"wp:attachment":[{"href":"https:\/\/optichain.se\/en\/wp-json\/wp\/v2\/media?parent=3640"}],"curies":[{"name":"wp","href":"https:\/\/api.w.org\/{rel}","templated":true}]}}